{"id":9,"date":"2025-02-14T10:06:25","date_gmt":"2025-02-14T10:06:25","guid":{"rendered":"https:\/\/eavilescpa.com\/?page_id=9"},"modified":"2025-02-14T10:06:25","modified_gmt":"2025-02-14T10:06:25","slug":"intro-2","status":"publish","type":"page","link":"https:\/\/eavilescpa.com\/?page_id=9","title":{"rendered":"Imp\u00f4ts, Comptabilit\u00e9 , Tenue de livres, particuliers et soci\u00e9t\u00e9s \u00e0 Longueuil, Montr\u00e9al"},"content":{"rendered":"<div class=\"sqs-html-content\">\n<h1 style=\"text-align:center;white-space:pre-wrap;\">Un service personnalis\u00e9<\/h1>\n<\/div>\n<div\n  class=\"sqs-block-button-container sqs-block-button-container--center\"\n  data-animation-role=\"button\"\n  data-alignment=\"center\"\n  data-button-size=\"medium\"\n  data-button-type=\"primary\"\n><br \/>\n  <a\n    href=\"\/s\/Eduardo-Aviles_CV_DEC_2019_v2.pdf\"\n    class=\"sqs-block-button-element--medium sqs-button-element--primary sqs-block-button-element\"\n    \n  ><br \/>\n    Services de consultant<br \/>\n  <\/a>\n<\/div>\n<div class=\"sqs-html-content\">\n<p class=\"\" style=\"white-space:pre-wrap;\">Analyste d\u2019affaires &amp; Analyste fonctionnel specialis\u00e9 en ERP, Oracle Peoplesoft modules finance<\/p>\n<\/div>\n<div\n  class=\"sqs-block-button-container sqs-block-button-container--center\"\n  data-animation-role=\"button\"\n  data-alignment=\"center\"\n  data-button-size=\"medium\"\n  data-button-type=\"primary\"\n><br \/>\n  <a\n    href=\"\/flatiron-forum-1-3-1\"\n    class=\"sqs-block-button-element--medium sqs-button-element--primary sqs-block-button-element\"\n    \n  ><br \/>\n    Services aux entreprises<br \/>\n  <\/a>\n<\/div>\n<div class=\"sqs-html-content\">\n<p style=\"text-align:center;white-space:pre-wrap;\" class=\"\">Nous offrons une vari\u00e9t\u00e9 de services pour les petites<\/p>\n<p style=\"text-align:center;white-space:pre-wrap;\" class=\"\">et moyennes entreprises<\/p>\n<\/div>\n<div\n  class=\"sqs-block-button-container sqs-block-button-container--center\"\n  data-animation-role=\"button\"\n  data-alignment=\"center\"\n  data-button-size=\"medium\"\n  data-button-type=\"primary\"\n><br \/>\n  <a\n    href=\"\/flatiron-forum-3\"\n    class=\"sqs-block-button-element--medium sqs-button-element--primary sqs-block-button-element\"\n    \n  ><br \/>\n    Services aux particuliers<br \/>\n  <\/a>\n<\/div>\n<div class=\"sqs-html-content\">\n<p style=\"text-align:center;white-space:pre-wrap;\" class=\"\">Imp\u00f4ts des particuliers<\/p>\n<\/div>\n","protected":false},"excerpt":{"rendered":"<p>Un service personnalis\u00e9 Services de consultant Analyste d\u2019affaires &amp; Analyste fonctionnel specialis\u00e9 en ERP, Oracle Peoplesoft modules finance Services aux entreprises Nous offrons une vari\u00e9t\u00e9 de services pour les petites et moyennes entreprises Services aux particuliers Imp\u00f4ts des particuliers<\/p>\n","protected":false},"author":1,"featured_media":0,"parent":0,"menu_order":0,"comment_status":"closed","ping_status":"closed","template":"","meta":{"footnotes":""},"class_list":["post-9","page","type-page","status-publish","hentry"],"_links":{"self":[{"href":"https:\/\/eavilescpa.com\/index.php?rest_route=\/wp\/v2\/pages\/9","targetHints":{"allow":["GET"]}}],"collection":[{"href":"https:\/\/eavilescpa.com\/index.php?rest_route=\/wp\/v2\/pages"}],"about":[{"href":"https:\/\/eavilescpa.com\/index.php?rest_route=\/wp\/v2\/types\/page"}],"author":[{"embeddable":true,"href":"https:\/\/eavilescpa.com\/index.php?rest_route=\/wp\/v2\/users\/1"}],"replies":[{"embeddable":true,"href":"https:\/\/eavilescpa.com\/index.php?rest_route=%2Fwp%2Fv2%2Fcomments&post=9"}],"version-history":[{"count":0,"href":"https:\/\/eavilescpa.com\/index.php?rest_route=\/wp\/v2\/pages\/9\/revisions"}],"wp:attachment":[{"href":"https:\/\/eavilescpa.com\/index.php?rest_route=%2Fwp%2Fv2%2Fmedia&parent=9"}],"curies":[{"name":"wp","href":"https:\/\/api.w.org\/{rel}","templated":true}]}}