{"id":24,"date":"2025-02-14T10:06:25","date_gmt":"2025-02-14T10:06:25","guid":{"rendered":"https:\/\/eavilescpa.com\/?page_id=24"},"modified":"2025-02-14T10:06:25","modified_gmt":"2025-02-14T10:06:25","slug":"company-1","status":"publish","type":"page","link":"https:\/\/eavilescpa.com\/?page_id=24","title":{"rendered":"Notre entreprise"},"content":{"rendered":"<div class=\"sqs-html-content\">\n<h2 class=\"text-align-center\">Fond\u00e9e par<\/h2>\n<h2 class=\"text-align-center\">Eduardo Avil\u00e9s, Comptable professionnel agr\u00e9\u00e9<\/h2>\n<\/div>\n<p>&nbsp;<\/p>\n<div class=\"sqs-html-content\">\n<p class=\"text-align-center\">Cr\u00e9\u00e9e pour offrir de services comptables aux petites<\/p>\n<p class=\"text-align-center\">et moyennes entreprises<\/p>\n<\/div>\n<p>&nbsp;<\/p>\n","protected":false},"excerpt":{"rendered":"<p>Fond\u00e9e par Eduardo Avil\u00e9s, Comptable professionnel agr\u00e9\u00e9 &nbsp; Cr\u00e9\u00e9e pour offrir de services comptables aux petites et moyennes entreprises &nbsp;<\/p>\n","protected":false},"author":1,"featured_media":0,"parent":0,"menu_order":0,"comment_status":"closed","ping_status":"closed","template":"","meta":{"footnotes":""},"class_list":["post-24","page","type-page","status-publish","hentry"],"_links":{"self":[{"href":"https:\/\/eavilescpa.com\/index.php?rest_route=\/wp\/v2\/pages\/24","targetHints":{"allow":["GET"]}}],"collection":[{"href":"https:\/\/eavilescpa.com\/index.php?rest_route=\/wp\/v2\/pages"}],"about":[{"href":"https:\/\/eavilescpa.com\/index.php?rest_route=\/wp\/v2\/types\/page"}],"author":[{"embeddable":true,"href":"https:\/\/eavilescpa.com\/index.php?rest_route=\/wp\/v2\/users\/1"}],"replies":[{"embeddable":true,"href":"https:\/\/eavilescpa.com\/index.php?rest_route=%2Fwp%2Fv2%2Fcomments&post=24"}],"version-history":[{"count":0,"href":"https:\/\/eavilescpa.com\/index.php?rest_route=\/wp\/v2\/pages\/24\/revisions"}],"wp:attachment":[{"href":"https:\/\/eavilescpa.com\/index.php?rest_route=%2Fwp%2Fv2%2Fmedia&parent=24"}],"curies":[{"name":"wp","href":"https:\/\/api.w.org\/{rel}","templated":true}]}}